{"id":1034,"date":"2024-02-10T13:42:35","date_gmt":"2024-02-10T13:42:35","guid":{"rendered":"https:\/\/startersites.io\/elementor\/smile-dent\/?page_id=1034"},"modified":"2025-05-02T10:33:01","modified_gmt":"2025-05-02T16:33:01","slug":"about-us","status":"publish","type":"page","link":"https:\/\/www.megasoluciones.net\/index.php\/about-us\/","title":{"rendered":"Sobre Nosotros"},"content":{"rendered":"\t\t<div data-elementor-type=\"wp-page\" data-elementor-id=\"1034\" class=\"elementor elementor-1034\" data-elementor-settings=\"{&quot;ha_cmc_init_switcher&quot;:&quot;no&quot;}\" data-elementor-post-type=\"page\">\n\t\t\t\t<div class=\"elementor-element elementor-element-10794e8 e-flex e-con-boxed e-con e-parent\" data-id=\"10794e8\" data-element_type=\"container\" data-settings=\"{&quot;_ha_eqh_enable&quot;:false}\">\n\t\t\t\t\t<div class=\"e-con-inner\">\n\t\t\t\t<div class=\"elementor-element elementor-element-2616fc3 elementor-widget elementor-widget-heading\" data-id=\"2616fc3\" data-element_type=\"widget\" data-widget_type=\"heading.default\">\n\t\t\t\t<div class=\"elementor-widget-container\">\n\t\t\t\t\t<h1 class=\"elementor-heading-title elementor-size-default\">Megasoluciones S, A.   33 a\u00f1os de solidez<\/h1>\t\t\t\t<\/div>\n\t\t\t\t<\/div>\n\t\t\t\t\t<\/div>\n\t\t\t\t<\/div>\n\t\t<div class=\"elementor-element elementor-element-5c09361 e-grid e-con-boxed e-con e-parent\" data-id=\"5c09361\" data-element_type=\"container\" data-settings=\"{&quot;_ha_eqh_enable&quot;:false}\">\n\t\t\t\t\t<div class=\"e-con-inner\">\n\t\t<div class=\"elementor-element elementor-element-1b2a405 e-con-full e-flex e-con e-child\" data-id=\"1b2a405\" data-element_type=\"container\" data-settings=\"{&quot;background_background&quot;:&quot;classic&quot;,&quot;_ha_eqh_enable&quot;:false}\">\n\t\t<div class=\"elementor-element elementor-element-94e8838 e-con-full e-flex e-con e-child\" data-id=\"94e8838\" data-element_type=\"container\" data-settings=\"{&quot;_ha_eqh_enable&quot;:false}\">\n\t\t\t\t<div class=\"elementor-element elementor-element-5119c1d elementor-widget elementor-widget-video\" data-id=\"5119c1d\" data-element_type=\"widget\" data-settings=\"{&quot;video_type&quot;:&quot;hosted&quot;,&quot;autoplay&quot;:&quot;yes&quot;,&quot;controls&quot;:&quot;yes&quot;}\" data-widget_type=\"video.default\">\n\t\t\t\t<div class=\"elementor-widget-container\">\n\t\t\t\t\t\t\t<div class=\"e-hosted-video elementor-wrapper elementor-open-inline\">\n\t\t\t\t\t<video class=\"elementor-video\" src=\"https:\/\/www.megasoluciones.net\/wp-content\/uploads\/2024\/10\/Msschool-ERP-Plataforma-Ultimo.mp4\" autoplay=\"\" controls=\"\" controlsList=\"nodownload\"><\/video>\n\t\t\t\t<\/div>\n\t\t\t\t\t\t<\/div>\n\t\t\t\t<\/div>\n\t\t\t\t<\/div>\n\t\t\t\t<\/div>\n\t\t<div class=\"elementor-element elementor-element-b163ef2 e-con-full e-flex e-con e-child\" data-id=\"b163ef2\" data-element_type=\"container\" data-settings=\"{&quot;background_background&quot;:&quot;classic&quot;,&quot;_ha_eqh_enable&quot;:false}\">\n\t\t\t\t<div class=\"elementor-element elementor-element-1fc8ae3 elementor-widget elementor-widget-text-editor\" data-id=\"1fc8ae3\" data-element_type=\"widget\" data-widget_type=\"text-editor.default\">\n\t\t\t\t<div class=\"elementor-widget-container\">\n\t\t\t\t\t\t\t\t\t<p style=\"text-align: center;\"><strong><span style=\"color: #ffffff;\">MEGASOLUCIONES<\/span><\/strong><\/p><p style=\"text-align: center;\"><strong><span style=\"color: #ffffff;\">\u00a0Megasoluciones, S.A. es una compa\u00f1\u00eda fundada en 1993 en Guatemala donde tiene basadas sus oficinas principales. Tiene oficinas de representaci\u00f3n en la mayor\u00eda de pa\u00edses de Centroam\u00e9rica.<\/span><\/strong><\/p><p style=\"text-align: center;\"><strong><span style=\"color: #ffffff;\">Cuenta con un portafolio de m\u00e1s de 150 clientes en la regi\u00f3n. Cuenta con equipo de expertos en las \u00e1reas de tecnolog\u00edas de la informaci\u00f3n, desarrollo, implementaci\u00f3n y consultor\u00eda.<\/span><\/strong><\/p><p style=\"text-align: center;\"><strong><span style=\"color: #ffffff;\">Es la compa\u00f1\u00eda l\u00edder en Guatemala de soluciones espec\u00edficas para instituciones educativas, con una experiencia de cerca de 60 instalaciones en instituciones educativas en toda la Rep\u00fablica.<\/span><\/strong><\/p>\t\t\t\t\t\t\t\t<\/div>\n\t\t\t\t<\/div>\n\t\t\t\t<\/div>\n\t\t\t\t\t<\/div>\n\t\t\t\t<\/div>\n\t\t<div class=\"elementor-element elementor-element-5ee2679 e-flex e-con-boxed e-con e-parent\" data-id=\"5ee2679\" data-element_type=\"container\" data-settings=\"{&quot;_ha_eqh_enable&quot;:false}\">\n\t\t\t\t\t<div class=\"e-con-inner\">\n\t\t<div class=\"elementor-element elementor-element-a48e520 e-con-full e-flex e-con e-child\" data-id=\"a48e520\" data-element_type=\"container\" data-settings=\"{&quot;background_background&quot;:&quot;classic&quot;,&quot;_ha_eqh_enable&quot;:false}\">\n\t\t\t\t<div class=\"elementor-element elementor-element-f595fc8 elementor-widget elementor-widget-image\" data-id=\"f595fc8\" data-element_type=\"widget\" data-widget_type=\"image.default\">\n\t\t\t\t<div class=\"elementor-widget-container\">\n\t\t\t\t\t\t\t\t\t\t\t\t\t\t\t<img fetchpriority=\"high\" decoding=\"async\" width=\"970\" height=\"646\" src=\"https:\/\/www.megasoluciones.net\/wp-content\/uploads\/2024\/08\/in-the-office.jpg\" class=\"attachment-large size-large wp-image-2723\" alt=\"\" srcset=\"https:\/\/www.megasoluciones.net\/wp-content\/uploads\/2024\/08\/in-the-office.jpg 970w, https:\/\/www.megasoluciones.net\/wp-content\/uploads\/2024\/08\/in-the-office-300x200.jpg 300w, https:\/\/www.megasoluciones.net\/wp-content\/uploads\/2024\/08\/in-the-office-768x511.jpg 768w\" sizes=\"(max-width: 970px) 100vw, 970px\" \/>\t\t\t\t\t\t\t\t\t\t\t\t\t\t\t<\/div>\n\t\t\t\t<\/div>\n\t\t\t\t<\/div>\n\t\t<div class=\"elementor-element elementor-element-76f04e9 e-con-full e-flex e-con e-child\" data-id=\"76f04e9\" data-element_type=\"container\" data-settings=\"{&quot;_ha_eqh_enable&quot;:false}\">\n\t\t\t\t<div class=\"elementor-element elementor-element-8cb3c4f ha-has-bg-overlay elementor-widget elementor-widget-text-editor\" data-id=\"8cb3c4f\" data-element_type=\"widget\" data-widget_type=\"text-editor.default\">\n\t\t\t\t<div class=\"elementor-widget-container\">\n\t\t\t\t\t\t\t\t\t<p style=\"text-align: center;\"><strong><span style=\"color: #ffffff;\">NUESTRA TECNOLOG\u00cdA<\/span><\/strong><br \/><strong><span style=\"color: #ffffff;\">La plataforma tecnol\u00f3gica utilizada para el producto MS School\u00ae es de punta, est\u00e1 basada en productos de desarrollo l\u00edderes en el mercado. Contamos con sistemas para ser utilizados en dispositivos m\u00f3viles basados en iOS y Android, as\u00ed como nuestro portal Web para ser utilizado en cualquier navegador de internet.<\/span><\/strong><br \/><strong><span style=\"color: #ffffff;\">Toda la reporter\u00eda permite ser exportada a formato Excel, Word, pdf y otras.<\/span><\/strong><\/p><p style=\"text-align: center;\"><strong><span style=\"color: #ffffff;\">INNOVACI\u00d3N CONSTANTE<\/span><\/strong><br \/><strong><span style=\"color: #ffffff;\">Los sistemas han ido evolucionando desde los \u00faltimos a\u00f1os y contamos con un departamento de investigaci\u00f3n y desarrollo que permite enriquecer el contenido del mismo. Asimismo, con el conocimiento adquirido en todas las implementaciones hechas con el paso de del tiempo.<\/span><\/strong><\/p><p style=\"text-align: center;\"><strong><span style=\"color: #ffffff;\">SOPORTE<\/span><\/strong><br \/><strong><span style=\"color: #ffffff;\">Nuestra empresa cuenta con el soporte adecuado, ya sea presencial o remoto para poder dar el mejor servicio disponible. Por medio de nuestros contratos de soporte, el cliente puede optar el monto de horas mensuales seg\u00fan sus necesidades.<\/span><\/strong><\/p>\t\t\t\t\t\t\t\t<\/div>\n\t\t\t\t<\/div>\n\t\t\t\t<\/div>\n\t\t\t\t\t<\/div>\n\t\t\t\t<\/div>\n\t\t<div class=\"elementor-element elementor-element-53b7f06 e-flex e-con-boxed e-con e-parent\" data-id=\"53b7f06\" data-element_type=\"container\" data-settings=\"{&quot;background_background&quot;:&quot;gradient&quot;,&quot;_ha_eqh_enable&quot;:false}\">\n\t\t\t\t\t<div class=\"e-con-inner\">\n\t\t<div class=\"elementor-element elementor-element-48a6fd3 e-flex e-con-boxed e-con e-child\" data-id=\"48a6fd3\" data-element_type=\"container\" data-settings=\"{&quot;background_background&quot;:&quot;classic&quot;,&quot;_ha_eqh_enable&quot;:false}\">\n\t\t\t\t\t<div class=\"e-con-inner\">\n\t\t<div class=\"elementor-element elementor-element-4574ed9 e-con-full e-flex e-con e-child\" data-id=\"4574ed9\" data-element_type=\"container\" data-settings=\"{&quot;_ha_eqh_enable&quot;:false}\">\n\t\t\t\t<div class=\"elementor-element elementor-element-7912f87 elementor-widget elementor-widget-heading\" data-id=\"7912f87\" data-element_type=\"widget\" data-widget_type=\"heading.default\">\n\t\t\t\t<div class=\"elementor-widget-container\">\n\t\t\t\t\t<h3 class=\"elementor-heading-title elementor-size-default\">Obtenga un 20% de descuento en su primer a\u00f1o.<\/h3>\t\t\t\t<\/div>\n\t\t\t\t<\/div>\n\t\t\t\t<div class=\"elementor-element elementor-element-7901c9d elementor-widget elementor-widget-text-editor\" data-id=\"7901c9d\" data-element_type=\"widget\" data-widget_type=\"text-editor.default\">\n\t\t\t\t<div class=\"elementor-widget-container\">\n\t\t\t\t\t\t\t\t\t<p>pregunte por nuestro plan de referidos.<\/p>\t\t\t\t\t\t\t\t<\/div>\n\t\t\t\t<\/div>\n\t\t\t\t<\/div>\n\t\t<div class=\"elementor-element elementor-element-2b329cd e-con-full e-flex e-con e-child\" data-id=\"2b329cd\" data-element_type=\"container\" data-settings=\"{&quot;_ha_eqh_enable&quot;:false}\">\n\t\t\t\t<div class=\"elementor-element elementor-element-c3463ea elementor-widget elementor-widget-button\" data-id=\"c3463ea\" data-element_type=\"widget\" data-widget_type=\"button.default\">\n\t\t\t\t<div class=\"elementor-widget-container\">\n\t\t\t\t\t\t\t\t\t<div class=\"elementor-button-wrapper\">\n\t\t\t\t\t<a class=\"elementor-button elementor-button-link elementor-size-sm\" href=\"#\">\n\t\t\t\t\t\t<span class=\"elementor-button-content-wrapper\">\n\t\t\t\t\t\t<span class=\"elementor-button-icon\">\n\t\t\t\t<svg xmlns=\"http:\/\/www.w3.org\/2000\/svg\" viewBox=\"0 0 24 24\"><path fill-rule=\"evenodd\" d=\"M24 0v22.78h-2.87V4.9L2.03 24 0 21.97l19.1-19.1H1.26V0H24Z\"><\/path><\/svg>\t\t\t<\/span>\n\t\t\t\t\t\t\t\t\t<span class=\"elementor-button-text\">Agende una demostraci\u00f3n<\/span>\n\t\t\t\t\t<\/span>\n\t\t\t\t\t<\/a>\n\t\t\t\t<\/div>\n\t\t\t\t\t\t\t\t<\/div>\n\t\t\t\t<\/div>\n\t\t\t\t<\/div>\n\t\t\t\t\t<\/div>\n\t\t\t\t<\/div>\n\t\t\t\t\t<\/div>\n\t\t\t\t<\/div>\n\t\t\t\t<\/div>\n\t\t","protected":false},"excerpt":{"rendered":"<p>Megasoluciones S, A. 33 a\u00f1os de solidez https:\/\/www.megasoluciones.net\/wp-content\/uploads\/2024\/10\/Msschool-ERP-Plataforma-Ultimo.mp4 MEGASOLUCIONES \u00a0Megasoluciones, S.A. es una compa\u00f1\u00eda fundada en 1993 en Guatemala donde tiene basadas sus oficinas principales. Tiene oficinas de representaci\u00f3n en la mayor\u00eda de pa\u00edses de Centroam\u00e9rica. Cuenta con un portafolio de m\u00e1s de 150 clientes en la regi\u00f3n. Cuenta con equipo de expertos en las [&hellip;]<\/p>\n","protected":false},"author":1,"featured_media":0,"parent":0,"menu_order":0,"comment_status":"closed","ping_status":"closed","template":"","meta":{"footnotes":""},"class_list":["post-1034","page","type-page","status-publish","hentry"],"blocksy_meta":{"has_hero_section":"disabled","vertical_spacing_source":"custom","content_area_spacing":"none","styles_descriptor":{"styles":{"desktop":"","tablet":"","mobile":""},"google_fonts":[],"version":6}},"yoast_head":"<!-- This site is optimized with the Yoast SEO plugin v27.5 - https:\/\/yoast.com\/product\/yoast-seo-wordpress\/ -->\r\n<title>Sobre Nosotros - Megasoluciones ERP-Plataforma Educativa<\/title>\r\n<meta name=\"robots\" content=\"index, follow, max-snippet:-1, max-image-preview:large, max-video-preview:-1\" \/>\r\n<link rel=\"canonical\" href=\"https:\/\/www.megasoluciones.net\/index.php\/about-us\/\" \/>\r\n<meta property=\"og:locale\" content=\"es_ES\" \/>\r\n<meta property=\"og:type\" content=\"article\" \/>\r\n<meta property=\"og:title\" content=\"Sobre Nosotros - Megasoluciones ERP-Plataforma Educativa\" \/>\r\n<meta property=\"og:description\" content=\"Megasoluciones S, A. 33 a\u00f1os de solidez https:\/\/www.megasoluciones.net\/wp-content\/uploads\/2024\/10\/Msschool-ERP-Plataforma-Ultimo.mp4 MEGASOLUCIONES \u00a0Megasoluciones, S.A. es una compa\u00f1\u00eda fundada en 1993 en Guatemala donde tiene basadas sus oficinas principales. Tiene oficinas de representaci\u00f3n en la mayor\u00eda de pa\u00edses de Centroam\u00e9rica. Cuenta con un portafolio de m\u00e1s de 150 clientes en la regi\u00f3n. Cuenta con equipo de expertos en las [&hellip;]\" \/>\r\n<meta property=\"og:url\" content=\"https:\/\/www.megasoluciones.net\/index.php\/about-us\/\" \/>\r\n<meta property=\"og:site_name\" content=\"Megasoluciones ERP-Plataforma Educativa\" \/>\r\n<meta property=\"article:modified_time\" content=\"2025-05-02T16:33:01+00:00\" \/>\r\n<meta property=\"og:image\" content=\"https:\/\/www.megasoluciones.net\/wp-content\/uploads\/2024\/08\/in-the-office.jpg\" \/>\r\n\t<meta property=\"og:image:width\" content=\"970\" \/>\r\n\t<meta property=\"og:image:height\" content=\"646\" \/>\r\n\t<meta property=\"og:image:type\" content=\"image\/jpeg\" \/>\r\n<meta name=\"twitter:card\" content=\"summary_large_image\" \/>\r\n<meta name=\"twitter:label1\" content=\"Est. reading time\" \/>\n\t<meta name=\"twitter:data1\" content=\"2 minutos\" \/>\r\n<script type=\"application\/ld+json\" class=\"yoast-schema-graph\">{\"@context\":\"https:\\\/\\\/schema.org\",\"@graph\":[{\"@type\":\"WebPage\",\"@id\":\"https:\\\/\\\/www.megasoluciones.net\\\/index.php\\\/about-us\\\/\",\"url\":\"https:\\\/\\\/www.megasoluciones.net\\\/index.php\\\/about-us\\\/\",\"name\":\"Sobre Nosotros - Megasoluciones ERP-Plataforma Educativa\",\"isPartOf\":{\"@id\":\"https:\\\/\\\/www.megasoluciones.net\\\/#website\"},\"primaryImageOfPage\":{\"@id\":\"https:\\\/\\\/www.megasoluciones.net\\\/index.php\\\/about-us\\\/#primaryimage\"},\"image\":{\"@id\":\"https:\\\/\\\/www.megasoluciones.net\\\/index.php\\\/about-us\\\/#primaryimage\"},\"thumbnailUrl\":\"https:\\\/\\\/www.megasoluciones.net\\\/wp-content\\\/uploads\\\/2024\\\/08\\\/in-the-office.jpg\",\"datePublished\":\"2024-02-10T13:42:35+00:00\",\"dateModified\":\"2025-05-02T16:33:01+00:00\",\"breadcrumb\":{\"@id\":\"https:\\\/\\\/www.megasoluciones.net\\\/index.php\\\/about-us\\\/#breadcrumb\"},\"inLanguage\":\"es\",\"potentialAction\":[{\"@type\":\"ReadAction\",\"target\":[\"https:\\\/\\\/www.megasoluciones.net\\\/index.php\\\/about-us\\\/\"]}]},{\"@type\":\"ImageObject\",\"inLanguage\":\"es\",\"@id\":\"https:\\\/\\\/www.megasoluciones.net\\\/index.php\\\/about-us\\\/#primaryimage\",\"url\":\"https:\\\/\\\/www.megasoluciones.net\\\/wp-content\\\/uploads\\\/2024\\\/08\\\/in-the-office.jpg\",\"contentUrl\":\"https:\\\/\\\/www.megasoluciones.net\\\/wp-content\\\/uploads\\\/2024\\\/08\\\/in-the-office.jpg\",\"width\":970,\"height\":646},{\"@type\":\"BreadcrumbList\",\"@id\":\"https:\\\/\\\/www.megasoluciones.net\\\/index.php\\\/about-us\\\/#breadcrumb\",\"itemListElement\":[{\"@type\":\"ListItem\",\"position\":1,\"name\":\"Home\",\"item\":\"https:\\\/\\\/www.megasoluciones.net\\\/\"},{\"@type\":\"ListItem\",\"position\":2,\"name\":\"Sobre Nosotros\"}]},{\"@type\":\"WebSite\",\"@id\":\"https:\\\/\\\/www.megasoluciones.net\\\/#website\",\"url\":\"https:\\\/\\\/www.megasoluciones.net\\\/\",\"name\":\"Megasoluciones ERP-Plataforma Educativa\",\"description\":\"Gesti\u00f3n Educativa\",\"publisher\":{\"@id\":\"https:\\\/\\\/www.megasoluciones.net\\\/#organization\"},\"alternateName\":\"Msschool\",\"potentialAction\":[{\"@type\":\"SearchAction\",\"target\":{\"@type\":\"EntryPoint\",\"urlTemplate\":\"https:\\\/\\\/www.megasoluciones.net\\\/?s={search_term_string}\"},\"query-input\":{\"@type\":\"PropertyValueSpecification\",\"valueRequired\":true,\"valueName\":\"search_term_string\"}}],\"inLanguage\":\"es\"},{\"@type\":\"Organization\",\"@id\":\"https:\\\/\\\/www.megasoluciones.net\\\/#organization\",\"name\":\"Megasoluciones ERP-Plataforma Educativa\",\"alternateName\":\"Msschool ERP-Plataforma Educativa\",\"url\":\"https:\\\/\\\/www.megasoluciones.net\\\/\",\"logo\":{\"@type\":\"ImageObject\",\"inLanguage\":\"es\",\"@id\":\"https:\\\/\\\/www.megasoluciones.net\\\/#\\\/schema\\\/logo\\\/image\\\/\",\"url\":\"https:\\\/\\\/www.megasoluciones.net\\\/wp-content\\\/uploads\\\/2024\\\/08\\\/logo4-1.png\",\"contentUrl\":\"https:\\\/\\\/www.megasoluciones.net\\\/wp-content\\\/uploads\\\/2024\\\/08\\\/logo4-1.png\",\"width\":158,\"height\":121,\"caption\":\"Megasoluciones ERP-Plataforma Educativa\"},\"image\":{\"@id\":\"https:\\\/\\\/www.megasoluciones.net\\\/#\\\/schema\\\/logo\\\/image\\\/\"}}]}<\/script>\r\n<!-- \/ Yoast SEO plugin. -->","yoast_head_json":{"title":"Sobre Nosotros - Megasoluciones ERP-Plataforma Educativa","robots":{"index":"index","follow":"follow","max-snippet":"max-snippet:-1","max-image-preview":"max-image-preview:large","max-video-preview":"max-video-preview:-1"},"canonical":"https:\/\/www.megasoluciones.net\/index.php\/about-us\/","og_locale":"es_ES","og_type":"article","og_title":"Sobre Nosotros - Megasoluciones ERP-Plataforma Educativa","og_description":"Megasoluciones S, A. 33 a\u00f1os de solidez https:\/\/www.megasoluciones.net\/wp-content\/uploads\/2024\/10\/Msschool-ERP-Plataforma-Ultimo.mp4 MEGASOLUCIONES \u00a0Megasoluciones, S.A. es una compa\u00f1\u00eda fundada en 1993 en Guatemala donde tiene basadas sus oficinas principales. Tiene oficinas de representaci\u00f3n en la mayor\u00eda de pa\u00edses de Centroam\u00e9rica. Cuenta con un portafolio de m\u00e1s de 150 clientes en la regi\u00f3n. Cuenta con equipo de expertos en las [&hellip;]","og_url":"https:\/\/www.megasoluciones.net\/index.php\/about-us\/","og_site_name":"Megasoluciones ERP-Plataforma Educativa","article_modified_time":"2025-05-02T16:33:01+00:00","og_image":[{"width":970,"height":646,"url":"https:\/\/www.megasoluciones.net\/wp-content\/uploads\/2024\/08\/in-the-office.jpg","type":"image\/jpeg"}],"twitter_card":"summary_large_image","twitter_misc":{"Est. reading time":"2 minutos"},"schema":{"@context":"https:\/\/schema.org","@graph":[{"@type":"WebPage","@id":"https:\/\/www.megasoluciones.net\/index.php\/about-us\/","url":"https:\/\/www.megasoluciones.net\/index.php\/about-us\/","name":"Sobre Nosotros - Megasoluciones ERP-Plataforma Educativa","isPartOf":{"@id":"https:\/\/www.megasoluciones.net\/#website"},"primaryImageOfPage":{"@id":"https:\/\/www.megasoluciones.net\/index.php\/about-us\/#primaryimage"},"image":{"@id":"https:\/\/www.megasoluciones.net\/index.php\/about-us\/#primaryimage"},"thumbnailUrl":"https:\/\/www.megasoluciones.net\/wp-content\/uploads\/2024\/08\/in-the-office.jpg","datePublished":"2024-02-10T13:42:35+00:00","dateModified":"2025-05-02T16:33:01+00:00","breadcrumb":{"@id":"https:\/\/www.megasoluciones.net\/index.php\/about-us\/#breadcrumb"},"inLanguage":"es","potentialAction":[{"@type":"ReadAction","target":["https:\/\/www.megasoluciones.net\/index.php\/about-us\/"]}]},{"@type":"ImageObject","inLanguage":"es","@id":"https:\/\/www.megasoluciones.net\/index.php\/about-us\/#primaryimage","url":"https:\/\/www.megasoluciones.net\/wp-content\/uploads\/2024\/08\/in-the-office.jpg","contentUrl":"https:\/\/www.megasoluciones.net\/wp-content\/uploads\/2024\/08\/in-the-office.jpg","width":970,"height":646},{"@type":"BreadcrumbList","@id":"https:\/\/www.megasoluciones.net\/index.php\/about-us\/#breadcrumb","itemListElement":[{"@type":"ListItem","position":1,"name":"Home","item":"https:\/\/www.megasoluciones.net\/"},{"@type":"ListItem","position":2,"name":"Sobre Nosotros"}]},{"@type":"WebSite","@id":"https:\/\/www.megasoluciones.net\/#website","url":"https:\/\/www.megasoluciones.net\/","name":"Megasoluciones ERP-Plataforma Educativa","description":"Gesti\u00f3n Educativa","publisher":{"@id":"https:\/\/www.megasoluciones.net\/#organization"},"alternateName":"Msschool","potentialAction":[{"@type":"SearchAction","target":{"@type":"EntryPoint","urlTemplate":"https:\/\/www.megasoluciones.net\/?s={search_term_string}"},"query-input":{"@type":"PropertyValueSpecification","valueRequired":true,"valueName":"search_term_string"}}],"inLanguage":"es"},{"@type":"Organization","@id":"https:\/\/www.megasoluciones.net\/#organization","name":"Megasoluciones ERP-Plataforma Educativa","alternateName":"Msschool ERP-Plataforma Educativa","url":"https:\/\/www.megasoluciones.net\/","logo":{"@type":"ImageObject","inLanguage":"es","@id":"https:\/\/www.megasoluciones.net\/#\/schema\/logo\/image\/","url":"https:\/\/www.megasoluciones.net\/wp-content\/uploads\/2024\/08\/logo4-1.png","contentUrl":"https:\/\/www.megasoluciones.net\/wp-content\/uploads\/2024\/08\/logo4-1.png","width":158,"height":121,"caption":"Megasoluciones ERP-Plataforma Educativa"},"image":{"@id":"https:\/\/www.megasoluciones.net\/#\/schema\/logo\/image\/"}}]}},"_links":{"self":[{"href":"https:\/\/www.megasoluciones.net\/index.php\/wp-json\/wp\/v2\/pages\/1034","targetHints":{"allow":["GET"]}}],"collection":[{"href":"https:\/\/www.megasoluciones.net\/index.php\/wp-json\/wp\/v2\/pages"}],"about":[{"href":"https:\/\/www.megasoluciones.net\/index.php\/wp-json\/wp\/v2\/types\/page"}],"author":[{"embeddable":true,"href":"https:\/\/www.megasoluciones.net\/index.php\/wp-json\/wp\/v2\/users\/1"}],"replies":[{"embeddable":true,"href":"https:\/\/www.megasoluciones.net\/index.php\/wp-json\/wp\/v2\/comments?post=1034"}],"version-history":[{"count":109,"href":"https:\/\/www.megasoluciones.net\/index.php\/wp-json\/wp\/v2\/pages\/1034\/revisions"}],"predecessor-version":[{"id":3672,"href":"https:\/\/www.megasoluciones.net\/index.php\/wp-json\/wp\/v2\/pages\/1034\/revisions\/3672"}],"wp:attachment":[{"href":"https:\/\/www.megasoluciones.net\/index.php\/wp-json\/wp\/v2\/media?parent=1034"}],"curies":[{"name":"wp","href":"https:\/\/api.w.org\/{rel}","templated":true}]}}