{"id":2657,"date":"2024-08-13T22:26:07","date_gmt":"2024-08-13T20:26:07","guid":{"rendered":"http:\/\/msschool.cloud\/?page_id=2657"},"modified":"2025-01-02T09:29:11","modified_gmt":"2025-01-02T15:29:11","slug":"noticias","status":"publish","type":"page","link":"https:\/\/www.megasoluciones.net\/index.php\/noticias\/","title":{"rendered":"Noticias"},"content":{"rendered":"\t\t<div data-elementor-type=\"wp-page\" data-elementor-id=\"2657\" class=\"elementor elementor-2657\" data-elementor-settings=\"{&quot;ha_cmc_init_switcher&quot;:&quot;no&quot;}\" data-elementor-post-type=\"page\">\n\t\t\t\t<div class=\"elementor-element elementor-element-f387f06 e-flex e-con-boxed e-con e-parent\" data-id=\"f387f06\" data-element_type=\"container\" data-settings=\"{&quot;_ha_eqh_enable&quot;:false}\">\n\t\t\t\t\t<div class=\"e-con-inner\">\n\t\t<div class=\"elementor-element elementor-element-e02d170 e-con-full e-flex e-con e-child\" data-id=\"e02d170\" data-element_type=\"container\" data-settings=\"{&quot;_ha_eqh_enable&quot;:false}\">\n\t\t\t\t<div class=\"elementor-element elementor-element-16a85af elementor-widget elementor-widget-heading\" data-id=\"16a85af\" data-element_type=\"widget\" data-widget_type=\"heading.default\">\n\t\t\t\t<div class=\"elementor-widget-container\">\n\t\t\t\t\t<h1 class=\"elementor-heading-title elementor-size-default\">Conoce nuestra APP<\/h1>\t\t\t\t<\/div>\n\t\t\t\t<\/div>\n\t\t<div class=\"elementor-element elementor-element-9586882 e-con-full e-flex e-con e-child\" data-id=\"9586882\" data-element_type=\"container\" data-settings=\"{&quot;_ha_eqh_enable&quot;:false}\">\n\t\t\t\t<div class=\"elementor-element elementor-element-51c934a elementor-widget elementor-widget-text-editor\" data-id=\"51c934a\" data-element_type=\"widget\" data-widget_type=\"text-editor.default\">\n\t\t\t\t<div class=\"elementor-widget-container\">\n\t\t\t\t\t\t\t\t\t<h3 style=\"text-align: center;\">Ahora tenemos disponible la \u00faltima versi\u00f3n de la APP MS Scchool, gestiona tus notificaciones, horarios, tareas, notas y mucho m\u00e1s.<\/h3>\t\t\t\t\t\t\t\t<\/div>\n\t\t\t\t<\/div>\n\t\t\t\t<\/div>\n\t\t\t\t<\/div>\n\t\t\t\t\t<\/div>\n\t\t\t\t<\/div>\n\t\t<div class=\"elementor-element elementor-element-a7be08b e-flex e-con-boxed e-con e-parent\" data-id=\"a7be08b\" data-element_type=\"container\" data-settings=\"{&quot;_ha_eqh_enable&quot;:false}\">\n\t\t\t\t\t<div class=\"e-con-inner\">\n\t\t\t\t<div class=\"elementor-element elementor-element-acd8082 elementor-widget elementor-widget-video\" data-id=\"acd8082\" data-element_type=\"widget\" data-settings=\"{&quot;video_type&quot;:&quot;hosted&quot;,&quot;autoplay&quot;:&quot;yes&quot;,&quot;loop&quot;:&quot;yes&quot;,&quot;controls&quot;:&quot;yes&quot;}\" data-widget_type=\"video.default\">\n\t\t\t\t<div class=\"elementor-widget-container\">\n\t\t\t\t\t\t\t<div class=\"e-hosted-video elementor-wrapper elementor-open-inline\">\n\t\t\t\t\t<video class=\"elementor-video\" src=\"https:\/\/www.megasoluciones.net\/wp-content\/uploads\/2024\/10\/Presentacin-de-App-ultimo.mp4\" autoplay=\"\" loop=\"\" controls=\"\" controlsList=\"nodownload\"><\/video>\n\t\t\t\t<\/div>\n\t\t\t\t\t\t<\/div>\n\t\t\t\t<\/div>\n\t\t\t\t\t<\/div>\n\t\t\t\t<\/div>\n\t\t\t\t<\/div>\n\t\t","protected":false},"excerpt":{"rendered":"<p>Conoce nuestra APP Ahora tenemos disponible la \u00faltima versi\u00f3n de la APP MS Scchool, gestiona tus notificaciones, horarios, tareas, notas y mucho m\u00e1s. https:\/\/www.megasoluciones.net\/wp-content\/uploads\/2024\/10\/Presentacin-de-App-ultimo.mp4<\/p>\n","protected":false},"author":1,"featured_media":0,"parent":0,"menu_order":0,"comment_status":"closed","ping_status":"closed","template":"","meta":{"footnotes":""},"class_list":["post-2657","page","type-page","status-publish","hentry"],"blocksy_meta":{"has_hero_section":"disabled","styles_descriptor":{"styles":{"desktop":"","tablet":"","mobile":""},"google_fonts":[],"version":6}},"yoast_head":"<!-- This site is optimized with the Yoast SEO plugin v27.5 - https:\/\/yoast.com\/product\/yoast-seo-wordpress\/ -->\r\n<title>Noticias - Megasoluciones ERP-Plataforma Educativa<\/title>\r\n<meta name=\"robots\" content=\"index, follow, max-snippet:-1, max-image-preview:large, max-video-preview:-1\" \/>\r\n<link rel=\"canonical\" href=\"https:\/\/www.megasoluciones.net\/index.php\/noticias\/\" \/>\r\n<meta property=\"og:locale\" content=\"es_ES\" \/>\r\n<meta property=\"og:type\" content=\"article\" \/>\r\n<meta property=\"og:title\" content=\"Noticias - Megasoluciones ERP-Plataforma Educativa\" \/>\r\n<meta property=\"og:description\" content=\"Conoce nuestra APP Ahora tenemos disponible la \u00faltima versi\u00f3n de la APP MS Scchool, gestiona tus notificaciones, horarios, tareas, notas y mucho m\u00e1s. https:\/\/www.megasoluciones.net\/wp-content\/uploads\/2024\/10\/Presentacin-de-App-ultimo.mp4\" \/>\r\n<meta property=\"og:url\" content=\"https:\/\/www.megasoluciones.net\/index.php\/noticias\/\" \/>\r\n<meta property=\"og:site_name\" content=\"Megasoluciones ERP-Plataforma Educativa\" \/>\r\n<meta property=\"article:modified_time\" content=\"2025-01-02T15:29:11+00:00\" \/>\r\n<meta property=\"og:image\" content=\"https:\/\/www.megasoluciones.net\/wp-content\/uploads\/2024\/08\/cropped-manzana.png\" \/>\r\n\t<meta property=\"og:image:width\" content=\"512\" \/>\r\n\t<meta property=\"og:image:height\" content=\"512\" \/>\r\n\t<meta property=\"og:image:type\" content=\"image\/png\" \/>\r\n<meta name=\"twitter:card\" content=\"summary_large_image\" \/>\r\n<script type=\"application\/ld+json\" class=\"yoast-schema-graph\">{\"@context\":\"https:\\\/\\\/schema.org\",\"@graph\":[{\"@type\":\"WebPage\",\"@id\":\"https:\\\/\\\/www.megasoluciones.net\\\/index.php\\\/noticias\\\/\",\"url\":\"https:\\\/\\\/www.megasoluciones.net\\\/index.php\\\/noticias\\\/\",\"name\":\"Noticias - Megasoluciones ERP-Plataforma Educativa\",\"isPartOf\":{\"@id\":\"https:\\\/\\\/www.megasoluciones.net\\\/#website\"},\"datePublished\":\"2024-08-13T20:26:07+00:00\",\"dateModified\":\"2025-01-02T15:29:11+00:00\",\"breadcrumb\":{\"@id\":\"https:\\\/\\\/www.megasoluciones.net\\\/index.php\\\/noticias\\\/#breadcrumb\"},\"inLanguage\":\"es\",\"potentialAction\":[{\"@type\":\"ReadAction\",\"target\":[\"https:\\\/\\\/www.megasoluciones.net\\\/index.php\\\/noticias\\\/\"]}]},{\"@type\":\"BreadcrumbList\",\"@id\":\"https:\\\/\\\/www.megasoluciones.net\\\/index.php\\\/noticias\\\/#breadcrumb\",\"itemListElement\":[{\"@type\":\"ListItem\",\"position\":1,\"name\":\"Home\",\"item\":\"https:\\\/\\\/www.megasoluciones.net\\\/\"},{\"@type\":\"ListItem\",\"position\":2,\"name\":\"Noticias\"}]},{\"@type\":\"WebSite\",\"@id\":\"https:\\\/\\\/www.megasoluciones.net\\\/#website\",\"url\":\"https:\\\/\\\/www.megasoluciones.net\\\/\",\"name\":\"Megasoluciones ERP-Plataforma Educativa\",\"description\":\"Gesti\u00f3n Educativa\",\"publisher\":{\"@id\":\"https:\\\/\\\/www.megasoluciones.net\\\/#organization\"},\"alternateName\":\"Msschool\",\"potentialAction\":[{\"@type\":\"SearchAction\",\"target\":{\"@type\":\"EntryPoint\",\"urlTemplate\":\"https:\\\/\\\/www.megasoluciones.net\\\/?s={search_term_string}\"},\"query-input\":{\"@type\":\"PropertyValueSpecification\",\"valueRequired\":true,\"valueName\":\"search_term_string\"}}],\"inLanguage\":\"es\"},{\"@type\":\"Organization\",\"@id\":\"https:\\\/\\\/www.megasoluciones.net\\\/#organization\",\"name\":\"Megasoluciones ERP-Plataforma Educativa\",\"alternateName\":\"Msschool ERP-Plataforma Educativa\",\"url\":\"https:\\\/\\\/www.megasoluciones.net\\\/\",\"logo\":{\"@type\":\"ImageObject\",\"inLanguage\":\"es\",\"@id\":\"https:\\\/\\\/www.megasoluciones.net\\\/#\\\/schema\\\/logo\\\/image\\\/\",\"url\":\"https:\\\/\\\/www.megasoluciones.net\\\/wp-content\\\/uploads\\\/2024\\\/08\\\/logo4-1.png\",\"contentUrl\":\"https:\\\/\\\/www.megasoluciones.net\\\/wp-content\\\/uploads\\\/2024\\\/08\\\/logo4-1.png\",\"width\":158,\"height\":121,\"caption\":\"Megasoluciones ERP-Plataforma Educativa\"},\"image\":{\"@id\":\"https:\\\/\\\/www.megasoluciones.net\\\/#\\\/schema\\\/logo\\\/image\\\/\"}}]}<\/script>\r\n<!-- \/ Yoast SEO plugin. -->","yoast_head_json":{"title":"Noticias - Megasoluciones ERP-Plataforma Educativa","robots":{"index":"index","follow":"follow","max-snippet":"max-snippet:-1","max-image-preview":"max-image-preview:large","max-video-preview":"max-video-preview:-1"},"canonical":"https:\/\/www.megasoluciones.net\/index.php\/noticias\/","og_locale":"es_ES","og_type":"article","og_title":"Noticias - Megasoluciones ERP-Plataforma Educativa","og_description":"Conoce nuestra APP Ahora tenemos disponible la \u00faltima versi\u00f3n de la APP MS Scchool, gestiona tus notificaciones, horarios, tareas, notas y mucho m\u00e1s. https:\/\/www.megasoluciones.net\/wp-content\/uploads\/2024\/10\/Presentacin-de-App-ultimo.mp4","og_url":"https:\/\/www.megasoluciones.net\/index.php\/noticias\/","og_site_name":"Megasoluciones ERP-Plataforma Educativa","article_modified_time":"2025-01-02T15:29:11+00:00","og_image":[{"width":512,"height":512,"url":"https:\/\/www.megasoluciones.net\/wp-content\/uploads\/2024\/08\/cropped-manzana.png","type":"image\/png"}],"twitter_card":"summary_large_image","schema":{"@context":"https:\/\/schema.org","@graph":[{"@type":"WebPage","@id":"https:\/\/www.megasoluciones.net\/index.php\/noticias\/","url":"https:\/\/www.megasoluciones.net\/index.php\/noticias\/","name":"Noticias - Megasoluciones ERP-Plataforma Educativa","isPartOf":{"@id":"https:\/\/www.megasoluciones.net\/#website"},"datePublished":"2024-08-13T20:26:07+00:00","dateModified":"2025-01-02T15:29:11+00:00","breadcrumb":{"@id":"https:\/\/www.megasoluciones.net\/index.php\/noticias\/#breadcrumb"},"inLanguage":"es","potentialAction":[{"@type":"ReadAction","target":["https:\/\/www.megasoluciones.net\/index.php\/noticias\/"]}]},{"@type":"BreadcrumbList","@id":"https:\/\/www.megasoluciones.net\/index.php\/noticias\/#breadcrumb","itemListElement":[{"@type":"ListItem","position":1,"name":"Home","item":"https:\/\/www.megasoluciones.net\/"},{"@type":"ListItem","position":2,"name":"Noticias"}]},{"@type":"WebSite","@id":"https:\/\/www.megasoluciones.net\/#website","url":"https:\/\/www.megasoluciones.net\/","name":"Megasoluciones ERP-Plataforma Educativa","description":"Gesti\u00f3n Educativa","publisher":{"@id":"https:\/\/www.megasoluciones.net\/#organization"},"alternateName":"Msschool","potentialAction":[{"@type":"SearchAction","target":{"@type":"EntryPoint","urlTemplate":"https:\/\/www.megasoluciones.net\/?s={search_term_string}"},"query-input":{"@type":"PropertyValueSpecification","valueRequired":true,"valueName":"search_term_string"}}],"inLanguage":"es"},{"@type":"Organization","@id":"https:\/\/www.megasoluciones.net\/#organization","name":"Megasoluciones ERP-Plataforma Educativa","alternateName":"Msschool ERP-Plataforma Educativa","url":"https:\/\/www.megasoluciones.net\/","logo":{"@type":"ImageObject","inLanguage":"es","@id":"https:\/\/www.megasoluciones.net\/#\/schema\/logo\/image\/","url":"https:\/\/www.megasoluciones.net\/wp-content\/uploads\/2024\/08\/logo4-1.png","contentUrl":"https:\/\/www.megasoluciones.net\/wp-content\/uploads\/2024\/08\/logo4-1.png","width":158,"height":121,"caption":"Megasoluciones ERP-Plataforma Educativa"},"image":{"@id":"https:\/\/www.megasoluciones.net\/#\/schema\/logo\/image\/"}}]}},"_links":{"self":[{"href":"https:\/\/www.megasoluciones.net\/index.php\/wp-json\/wp\/v2\/pages\/2657","targetHints":{"allow":["GET"]}}],"collection":[{"href":"https:\/\/www.megasoluciones.net\/index.php\/wp-json\/wp\/v2\/pages"}],"about":[{"href":"https:\/\/www.megasoluciones.net\/index.php\/wp-json\/wp\/v2\/types\/page"}],"author":[{"embeddable":true,"href":"https:\/\/www.megasoluciones.net\/index.php\/wp-json\/wp\/v2\/users\/1"}],"replies":[{"embeddable":true,"href":"https:\/\/www.megasoluciones.net\/index.php\/wp-json\/wp\/v2\/comments?post=2657"}],"version-history":[{"count":31,"href":"https:\/\/www.megasoluciones.net\/index.php\/wp-json\/wp\/v2\/pages\/2657\/revisions"}],"predecessor-version":[{"id":3583,"href":"https:\/\/www.megasoluciones.net\/index.php\/wp-json\/wp\/v2\/pages\/2657\/revisions\/3583"}],"wp:attachment":[{"href":"https:\/\/www.megasoluciones.net\/index.php\/wp-json\/wp\/v2\/media?parent=2657"}],"curies":[{"name":"wp","href":"https:\/\/api.w.org\/{rel}","templated":true}]}}